{"id":6,"date":"2016-03-05T13:12:22","date_gmt":"2016-03-05T11:12:22","guid":{"rendered":"http:\/\/harald-feilen.de\/catalog\/?page_id=6"},"modified":"2018-05-18T11:39:13","modified_gmt":"2018-05-18T09:39:13","slug":"lieferung-und-zahlung","status":"publish","type":"page","link":"https:\/\/harald-feilen.de\/catalog\/?page_id=6","title":{"rendered":"Lieferung und Zahlung"},"content":{"rendered":"<p><!-- IBGHTML --><\/p>\n<p class=\"H1\" style=XgfeXmargin: 0px 0px 1.41em; color: rgb(109, 109, 109); text-transform: none; text-indent: 0px; letter-spacing: normal; font-family: \"Source Sans Pro\", HelveticaNeue-Light, \"Helvetica Neue Light\", \"Helvetica Neue\", Helvetica, Arial, \"Lucida Grande\", sans-serif; font-size: medium; font-style: normal; font-weight: 400; word-spacing: 0px; white-space: normal; box-sizing: border-box; orphans: 2; widows: 2; background-color: rgb(255, 255, 255); font-variant-ligatures: normal; font-variant-caps: normal; -webkit-text-stroke-width: 0px; text-decoration-thickness: initial; text-decoration-style: initial; text-decoration-color: initial;XgfeX>Allgemeine Lieferbedingungen<br style=\"box-sizing: border-box;\">Liegt Ihr Wohnort im Bereich unserer Auslieferungstouren, erfolgt die Lieferung frei Haus.<\/p>\n<p class=\"H1\" style=XgfeXmargin: 0px 0px 1.41em; color: rgb(109, 109, 109); text-transform: none; text-indent: 0px; letter-spacing: normal; font-family: \"Source Sans Pro\", HelveticaNeue-Light, \"Helvetica Neue Light\", \"Helvetica Neue\", Helvetica, Arial, \"Lucida Grande\", sans-serif; font-size: medium; font-style: normal; font-weight: 400; word-spacing: 0px; white-space: normal; box-sizing: border-box; orphans: 2; widows: 2; background-color: rgb(255, 255, 255); font-variant-ligatures: normal; font-variant-caps: normal; -webkit-text-stroke-width: 0px; text-decoration-thickness: initial; text-decoration-style: initial; text-decoration-color: initial;XgfeX>Termine hierf\u00fcr erhalten Sie schriftlich oder auf Anfrage.<\/p>\n<p class=\"H1\" style=XgfeXmargin: 0px 0px 1.41em; color: rgb(109, 109, 109); text-transform: none; text-indent: 0px; letter-spacing: normal; font-family: \"Source Sans Pro\", HelveticaNeue-Light, \"Helvetica Neue Light\", \"Helvetica Neue\", Helvetica, Arial, \"Lucida Grande\", sans-serif; font-size: medium; font-style: normal; font-weight: 400; word-spacing: 0px; white-space: normal; box-sizing: border-box; orphans: 2; widows: 2; background-color: rgb(255, 255, 255); font-variant-ligatures: normal; font-variant-caps: normal; -webkit-text-stroke-width: 0px; text-decoration-thickness: initial; text-decoration-style: initial; text-decoration-color: initial;XgfeX>Verpackung:<br style=\"box-sizing: border-box;\">Wein &#8211; 12er Karton<br style=\"box-sizing: border-box;\">Sekt und Secco &#8211; 6er Karton<\/p>\n<p class=\"H1\" style=XgfeXmargin: 0px 0px 1.41em; color: rgb(109, 109, 109); text-transform: none; text-indent: 0px; letter-spacing: normal; font-family: \"Source Sans Pro\", HelveticaNeue-Light, \"Helvetica Neue Light\", \"Helvetica Neue\", Helvetica, Arial, \"Lucida Grande\", sans-serif; font-size: medium; font-style: normal; font-weight: 400; word-spacing: 0px; white-space: normal; box-sizing: border-box; orphans: 2; widows: 2; background-color: rgb(255, 255, 255); font-variant-ligatures: normal; font-variant-caps: normal; -webkit-text-stroke-width: 0px; text-decoration-thickness: initial; text-decoration-style: initial; text-decoration-color: initial;XgfeX>Pr\u00e4sentkartons in verschiedenen Gr\u00f6\u00dfen und Materialien<\/p>\n<p class=\"H1\" style=XgfeXmargin: 0px 0px 1.41em; color: rgb(109, 109, 109); text-transform: none; text-indent: 0px; letter-spacing: normal; font-family: \"Source Sans Pro\", HelveticaNeue-Light, \"Helvetica Neue Light\", \"Helvetica Neue\", Helvetica, Arial, \"Lucida Grande\", sans-serif; font-size: medium; font-style: normal; font-weight: 400; word-spacing: 0px; white-space: normal; box-sizing: border-box; orphans: 2; widows: 2; background-color: rgb(255, 255, 255); font-variant-ligatures: normal; font-variant-caps: normal; -webkit-text-stroke-width: 0px; text-decoration-thickness: initial; text-decoration-style: initial; text-decoration-color: initial;XgfeX>Alle Preise verstehen sich incl. Mehrwertsteuer.<\/p>\n<p class=\"H1\" style=XgfeXmargin: 0px 0px 1.41em; color: rgb(109, 109, 109); text-transform: none; text-indent: 0px; letter-spacing: normal; font-family: \"Source Sans Pro\", HelveticaNeue-Light, \"Helvetica Neue Light\", \"Helvetica Neue\", Helvetica, Arial, \"Lucida Grande\", sans-serif; font-size: medium; font-style: normal; font-weight: 400; word-spacing: 0px; white-space: normal; box-sizing: border-box; orphans: 2; widows: 2; background-color: rgb(255, 255, 255); font-variant-ligatures: normal; font-variant-caps: normal; -webkit-text-stroke-width: 0px; text-decoration-thickness: initial; text-decoration-style: initial; text-decoration-color: initial;XgfeX>Die Ware bleibt bis zur vollst\u00e4ndigen Bezahlung unser Eigentum.<\/p>\n<p class=\"H1\" style=XgfeXmargin: 0px 0px 1.41em; color: rgb(109, 109, 109); text-transform: none; text-indent: 0px; letter-spacing: normal; font-family: \"Source Sans Pro\", HelveticaNeue-Light, \"Helvetica Neue Light\", \"Helvetica Neue\", Helvetica, Arial, \"Lucida Grande\", sans-serif; font-size: medium; font-style: normal; font-weight: 400; word-spacing: 0px; white-space: normal; box-sizing: border-box; orphans: 2; widows: 2; background-color: rgb(255, 255, 255); font-variant-ligatures: normal; font-variant-caps: normal; -webkit-text-stroke-width: 0px; text-decoration-thickness: initial; text-decoration-style: initial; text-decoration-color: initial;XgfeX>&nbsp;<\/p>\n<p class=\"H1\" style=XgfeXmargin: 0px 0px 1.41em; color: rgb(109, 109, 109); text-transform: none; text-indent: 0px; letter-spacing: normal; font-family: \"Source Sans Pro\", HelveticaNeue-Light, \"Helvetica Neue Light\", \"Helvetica Neue\", Helvetica, Arial, \"Lucida Grande\", sans-serif; font-size: medium; font-style: normal; font-weight: 400; word-spacing: 0px; white-space: normal; box-sizing: border-box; orphans: 2; widows: 2; background-color: rgb(255, 255, 255); font-variant-ligatures: normal; font-variant-caps: normal; -webkit-text-stroke-width: 0px; text-decoration-thickness: initial; text-decoration-style: initial; text-decoration-color: initial;XgfeX>Weinversand per DHL &#8211; innerhalb Deutschland<\/p>\n<p class=\"H1\" style=XgfeXmargin: 0px 0px 1.41em; color: rgb(109, 109, 109); text-transform: none; text-indent: 0px; letter-spacing: normal; font-family: \"Source Sans Pro\", HelveticaNeue-Light, \"Helvetica Neue Light\", \"Helvetica Neue\", Helvetica, Arial, \"Lucida Grande\", sans-serif; font-size: medium; font-style: normal; font-weight: 400; word-spacing: 0px; white-space: normal; box-sizing: border-box; orphans: 2; widows: 2; background-color: rgb(255, 255, 255); font-variant-ligatures: normal; font-variant-caps: normal; -webkit-text-stroke-width: 0px; text-decoration-thickness: initial; text-decoration-style: initial; text-decoration-color: initial;XgfeX>6er und 12er Kartons zu einem Preis von 7,50\/Karton per DHL innerhalb Deutschlands.<br style=\"box-sizing: border-box;\">Hier k\u00f6nnen die Flaschengr\u00f6\u00dfen gemischt sein, also auch 1,0 Fl. oder Sektflaschen.<br style=\"box-sizing: border-box;\">Es gibt die M\u00f6glichkeit auch 15er Kartons zu versenden, aber dann nur gef\u00fcllt mit Flaschen<br style=\"box-sizing: border-box;\">in 0,75 ltr. Keine Sekt Fl. zum Preis von 7,50\u20ac\/Karton.<\/p>\n<p class=\"H1\" style=XgfeXmargin: 0px 0px 1.41em; color: rgb(109, 109, 109); text-transform: none; text-indent: 0px; letter-spacing: normal; font-family: \"Source Sans Pro\", HelveticaNeue-Light, \"Helvetica Neue Light\", \"Helvetica Neue\", Helvetica, Arial, \"Lucida Grande\", sans-serif; font-size: medium; font-style: normal; font-weight: 400; word-spacing: 0px; white-space: normal; box-sizing: border-box; orphans: 2; widows: 2; background-color: rgb(255, 255, 255); font-variant-ligatures: normal; font-variant-caps: normal; -webkit-text-stroke-width: 0px; text-decoration-thickness: initial; text-decoration-style: initial; text-decoration-color: initial;XgfeX>Weinversand per DHL &#8211; in die Europ\u00e4ische Union<\/p>\n<p class=\"H1\" style=XgfeXmargin: 0px 0px 1.41em; color: rgb(109, 109, 109); text-transform: none; text-indent: 0px; letter-spacing: normal; font-family: \"Source Sans Pro\", HelveticaNeue-Light, \"Helvetica Neue Light\", \"Helvetica Neue\", Helvetica, Arial, \"Lucida Grande\", sans-serif; font-size: medium; font-style: normal; font-weight: 400; word-spacing: 0px; white-space: normal; box-sizing: border-box; orphans: 2; widows: 2; background-color: rgb(255, 255, 255); font-variant-ligatures: normal; font-variant-caps: normal; -webkit-text-stroke-width: 0px; text-decoration-thickness: initial; text-decoration-style: initial; text-decoration-color: initial;XgfeX>6er, 12er und 18er Karton zu einem Preis von 19,- \u20ac\/Karton &#8211; hier k\u00f6nnen auch<br style=\"box-sizing: border-box;\">die Flaschengr\u00f6\u00dfen gemischt sein, also auch 1,0 Fl. oder Sektflaschen.<\/p>\n<p class=\"H1\" style=XgfeXmargin: 0px 0px 1.41em; color: rgb(109, 109, 109); text-transform: none; text-indent: 0px; letter-spacing: normal; font-family: \"Source Sans Pro\", HelveticaNeue-Light, \"Helvetica Neue Light\", \"Helvetica Neue\", Helvetica, Arial, \"Lucida Grande\", sans-serif; font-size: medium; font-style: normal; font-weight: 400; word-spacing: 0px; white-space: normal; box-sizing: border-box; orphans: 2; widows: 2; background-color: rgb(255, 255, 255); font-variant-ligatures: normal; font-variant-caps: normal; -webkit-text-stroke-width: 0px; text-decoration-thickness: initial; text-decoration-style: initial; text-decoration-color: initial;XgfeX>Um einen versicherten Versand zu gew\u00e4hrleisten m\u00fcssen alle Postversandkartons voll sein.<\/p>\n","protected":false},"excerpt":{"rendered":"<p>Allgemeine LieferbedingungenLiegt Ihr Wohnort im Bereich unserer Auslieferungstouren, erfolgt die Lieferung frei Haus. Termine hierf\u00fcr erhalten Sie schriftlich oder auf Anfrage. Verpackung:Wein &#8211; 12er KartonSekt und Secco &#8211; 6er Karton Pr\u00e4sentkartons in verschiedenen Gr\u00f6\u00dfen und Materialien Alle Preise verstehen sich incl. Mehrwertsteuer. Die Ware bleibt bis zur vollst\u00e4ndigen Bezahlung unser Eigentum. &nbsp; Weinversand per DHL [&hellip;]<\/p>\n","protected":false},"author":1,"featured_media":0,"parent":0,"menu_order":0,"comment_status":"closed","ping_status":"closed","template":"","meta":{"footnotes":""},"class_list":["post-6","page","type-page","status-publish","hentry"],"_links":{"self":[{"href":"https:\/\/harald-feilen.de\/catalog\/index.php?rest_route=\/wp\/v2\/pages\/6"}],"collection":[{"href":"https:\/\/harald-feilen.de\/catalog\/index.php?rest_route=\/wp\/v2\/pages"}],"about":[{"href":"https:\/\/harald-feilen.de\/catalog\/index.php?rest_route=\/wp\/v2\/types\/page"}],"author":[{"embeddable":true,"href":"https:\/\/harald-feilen.de\/catalog\/index.php?rest_route=\/wp\/v2\/users\/1"}],"replies":[{"embeddable":true,"href":"https:\/\/harald-feilen.de\/catalog\/index.php?rest_route=%2Fwp%2Fv2%2Fcomments&post=6"}],"version-history":[{"count":2,"href":"https:\/\/harald-feilen.de\/catalog\/index.php?rest_route=\/wp\/v2\/pages\/6\/revisions"}],"predecessor-version":[{"id":9486,"href":"https:\/\/harald-feilen.de\/catalog\/index.php?rest_route=\/wp\/v2\/pages\/6\/revisions\/9486"}],"wp:attachment":[{"href":"https:\/\/harald-feilen.de\/catalog\/index.php?rest_route=%2Fwp%2Fv2%2Fmedia&parent=6"}],"curies":[{"name":"wp","href":"https:\/\/api.w.org\/{rel}","templated":true}]}}